{"id":1962,"date":"2022-05-24T16:30:04","date_gmt":"2022-05-24T14:30:04","guid":{"rendered":"https:\/\/www.omop.it\/?page_id=1962"},"modified":"2022-05-25T09:36:28","modified_gmt":"2022-05-25T07:36:28","slug":"cookie-policy","status":"publish","type":"page","link":"https:\/\/www.omop.it\/index.php\/cookie-policy\/","title":{"rendered":"Cookie policy"},"content":{"rendered":"\n<h4 class=\"wp-block-heading\">Cookies<\/h4>\n\n\n\n<p><strong>Cosa sono i cookies?<\/strong><br>Sono piccoli file di testo che servono a migliorare le prestazioni e la fruibilit\u00e0 del sito.<br>Normalmente vengono utilizzati per memorizzare le informazioni necessarie a migliorare la navigazione.<\/p>\n\n\n\n<p><strong>Utilizziamo i cookies?<\/strong><br>Utilizziamo cookies tecnici di navigazione e di sessione al solo fine di &#8220;effettuare la trasmissione di una comunicazione su una rete di comunicazione elettronica, o nella misura strettamente necessaria al fornitore di un servizio della societ\u00e0 di informazione esplicitamente richiesto dall\u2019abbonato o dall\u2019utente a erogare tale servizio&#8221; (art. 122, I comma, Codice della Privacy).<br>I cookie tecnici di sessione hanno durata pari alla singola sessione di navigazione e vengono pertanto automaticamente cancellati al termine della sessione di navigazione.<br>Le informazioni contenute nei cookie, come detto, hanno semplicemente finalit\u00e0 di carattere tecnico, non sono memorizzati n\u00e9 accessibili da personale del proprietario del sito.<\/p>\n\n\n\n<p>E&#8217; possibile che alcuni contenuti provengano da interazioni con i social network, o con altre piattaforme esterne; direttamente dalle pagine dell&#8217;Applicazione (social network \/ YouTube)<br>Le interazioni e le informazioni acquisite da queste applicazioni sono in ogni caso soggette alle impostazioni privacy dell&#8217;Utente relative ad ogni social network.<br>Nel caso in cui sia installato un servizio di interazione con i social network, \u00e8 possibile che, anche nel caso gli Utenti non utilizzino il servizio, lo stesso raccolga dati di traffico relativi alle pagine in cui \u00e8 installato.<\/p>\n\n\n\n<p>Per conoscere lo scopo e l&#8217;entit\u00e0 del rilevamento di dati e il successivo trattamento e utilizzo da parte dei rispettivi social network, cos\u00ec come i vostri diritti in merito e le possibilit\u00e0 di impostazione per proteggere la vostra privacy, si prega di consultare le avvertenze sulla protezione dati dei rispettivi social network.<\/p>\n\n\n\n<p><strong>E&#8217; possibile disattivare i cookies?<\/strong><br>Tramite le funzionalit\u00e0 presenti sui browser pi\u00f9 comuni (Internet Explorer, Google Chrome, Mozilla Firefox o Safari ecc.) \u00e8 possibile disattivare\/attivare i cookies.<\/p>\n\n\n\n<p><strong>Come disattivare i cookies?<\/strong><\/p>\n\n\n\n<p><strong>Google Chrome<\/strong><br>Nel menu impostazioni, selezionare \u201cmostra impostazioni avanzate\u201d in fondo alla pagina<br>Selezionare il tasto \u201ccontenuto impostazioni\u201d nella sezione privacy<br>La sezione in alto alla pagina che appare successivamente Vi spiega i cookies e vi permette di selezionare i cookies che volete. Vi consente anche di cancellare ogni cookie attualmente archiviato.<\/p>\n\n\n\n<p><strong>Mozilla Firefox<\/strong><br>Nel men\u00f9 degli strumenti, selezionare \u201copzioni\u201d<br>Selezionare il tasto \u201cprivacy\u201d nella cartella \u201copzioni\u201d<br>Dal men\u00f9 a tendina scegliere \u201cimpostazioni cronologia\u201d. Questo Vi mostrer\u00e0 le opzioni per i cookies e potrete scegliere di abilitarli o disabilitarli cliccando sulla casella.<\/p>\n\n\n\n<p><strong>Internet Explorer 6+<\/strong><br>Nella barra dei men\u00f9, selezionare \u201copzioni internet\u201d<br>Clicare sul tasto \u201cprivacy\u201d<br>Vedrete un cursore delle impostazioni privacy che possiede sei impostazioni che Vi consentono di controllare il numero dei cookies che saranno posizionati: Blocca tutti i Cookies, Alta, Media alta, Media (livello predefinito), Bassa, e Accetta tutti i Cookies.<\/p>\n\n\n\n<p><strong>Safari browser<\/strong><br>Nel menu impostazioni , selezionare opzione \u201cpreferenze\u201d<br>Aprire la sezione privacy<br>Selezionare l\u2019opzione che vuoi dalla sezione \u201cblocco cookies\u201d<\/p>\n\n\n\n<p><strong>Tutti gli altri browsers<\/strong><br>Per le informazioni su come gestire i cookies attraverso altri browser, consultate la Vostra documentazione o i file online di aiuto.<\/p>\n\n\n\n<p>I browser cambiano spesso interfaccia e comandi di gestione per le impostazioni generali. Rimandiamo quindi alle istruzioni dei produttori di questi software per ottenere delle informazioni sempre aggiornate.<\/p>\n\n\n\n<p><\/p>\n","protected":false},"excerpt":{"rendered":"<p>Cookies Cosa sono i cookies?Sono piccoli file di testo che servono a migliorare le prestazioni e la fruibilit\u00e0 del sito.<\/p>\n","protected":false},"author":1,"featured_media":0,"parent":0,"menu_order":0,"comment_status":"closed","ping_status":"closed","template":"page-nosidebar.php","meta":{"footnotes":""},"tags":[],"folder":[],"class_list":["post-1962","page","type-page","status-publish","hentry"],"publishpress_future_action":{"enabled":false,"date":"2026-05-07 06:43:18","action":"change-status","newStatus":"private","terms":[],"taxonomy":"post_tag","extraData":[]},"publishpress_future_workflow_manual_trigger":{"enabledWorkflows":[]},"_links":{"self":[{"href":"https:\/\/www.omop.it\/index.php\/wp-json\/wp\/v2\/pages\/1962","targetHints":{"allow":["GET"]}}],"collection":[{"href":"https:\/\/www.omop.it\/index.php\/wp-json\/wp\/v2\/pages"}],"about":[{"href":"https:\/\/www.omop.it\/index.php\/wp-json\/wp\/v2\/types\/page"}],"author":[{"embeddable":true,"href":"https:\/\/www.omop.it\/index.php\/wp-json\/wp\/v2\/users\/1"}],"replies":[{"embeddable":true,"href":"https:\/\/www.omop.it\/index.php\/wp-json\/wp\/v2\/comments?post=1962"}],"version-history":[{"count":2,"href":"https:\/\/www.omop.it\/index.php\/wp-json\/wp\/v2\/pages\/1962\/revisions"}],"predecessor-version":[{"id":1986,"href":"https:\/\/www.omop.it\/index.php\/wp-json\/wp\/v2\/pages\/1962\/revisions\/1986"}],"wp:attachment":[{"href":"https:\/\/www.omop.it\/index.php\/wp-json\/wp\/v2\/media?parent=1962"}],"wp:term":[{"taxonomy":"post_tag","embeddable":true,"href":"https:\/\/www.omop.it\/index.php\/wp-json\/wp\/v2\/tags?post=1962"},{"taxonomy":"folder","embeddable":true,"href":"https:\/\/www.omop.it\/index.php\/wp-json\/wp\/v2\/folder?post=1962"}],"curies":[{"name":"wp","href":"https:\/\/api.w.org\/{rel}","templated":true}]}}