{"id":399,"date":"2022-02-17T08:51:59","date_gmt":"2022-02-17T07:51:59","guid":{"rendered":"https:\/\/www.omop.it\/?page_id=399"},"modified":"2022-02-17T12:16:43","modified_gmt":"2022-02-17T11:16:43","slug":"giuramento-del-medico","status":"publish","type":"page","link":"https:\/\/www.omop.it\/index.php\/giuramento-del-medico\/","title":{"rendered":"Giuramento del Medico"},"content":{"rendered":"\n<h3 class=\"wp-block-heading\" id=\"consapevole-dell-importanza-e-della-solennita-dell-atto-che-compio-e-dell-impegno-che-assumo-giuro\">Consapevole dell&#8217;importanza e della solennit\u00e0 dell&#8217;atto che compio e dell&#8217;impegno che assumo, giuro:<\/h3>\n\n\n\n<div class=\"wp-block-columns is-layout-flex wp-container-core-columns-is-layout-9d6595d7 wp-block-columns-is-layout-flex\">\n<div class=\"wp-block-column is-layout-flow wp-block-column-is-layout-flow\">\n<ul class=\"wp-block-list\"><li><em>di esercitare la medicina in autonomia di giudizio e responsabilit\u00e0 di comportamento contrastando ogni indebito condizionamento che limiti la libert\u00e0 e l\u2019indipendenza della professione;<\/em><\/li><\/ul>\n\n\n\n<ul class=\"wp-block-list\"><li><em>di perseguire la difesa della vita, la tutela della salute fisica e psichica, il trattamento del dolore e il sollievo dalla sofferenza nel rispetto della dignit\u00e0 e libert\u00e0 della persona cui con costante impegno scientifico, culturale e sociale ispirer\u00f2 ogni mio atto professionale;<\/em><\/li><\/ul>\n\n\n\n<ul class=\"wp-block-list\"><li><em>di curare ogni paziente con scrupolo e impegno, senza discriminazione alcuna, promuovendo l\u2019eliminazione di ogni forma di diseguaglianza nella tutela della salute;<\/em><\/li><\/ul>\n\n\n\n<ul class=\"wp-block-list\"><li><em><em>di non compiere mai atti finalizzati a provocare la morte;<\/em><\/em><\/li><\/ul>\n\n\n\n<ul class=\"wp-block-list\"><li><em><em>di non intraprendere n\u00e9 insistere in procedure diagnostiche e interventi terapeutici clinicamente inappropriati ed eticamente non proporzionati, senza mai abbandonare la cura del malato;<\/em><\/em><\/li><\/ul>\n\n\n\n<ul class=\"wp-block-list\"><li><em>di perseguire con la persona assistita una relazione di cura fondata sulla fiducia e sul rispetto dei valori e dei diritti di ciascuno e su un\u2019informazione, preliminare al consenso, comprensibile e completa;<\/em><\/li><\/ul>\n\n\n\n<ul class=\"wp-block-list\"><li><em>di attenermi ai principi morali di umanit\u00e0 e solidariet\u00e0 nonch\u00e9 a quelli civili di rispetto dell\u2019autonomia della persona;<\/em><\/li><\/ul>\n\n\n\n<ul class=\"wp-block-list\"><li><em>di mettere le mie conoscenze a disposizione del progresso della medicina, fondato sul rigore etico e scientifico della ricerca, i cui fini sono la tutela della salute e della vita;<\/em><\/li><\/ul>\n\n\n\n<ul class=\"wp-block-list\"><li><em>di affidare la mia reputazione professionale alle mie competenze e al rispetto delle regole deontologiche e di evitare, anche al di fuori dell&#8217;esercizio professionale, ogni atto e comportamento che possano ledere il decoro e la dignit\u00e0 della professione;<\/em><\/li><\/ul>\n\n\n\n<ul class=\"wp-block-list\"><li><em>di ispirare la soluzione di ogni divergenza di opinioni al reciproco rispetto;\u00a0<\/em><\/li><\/ul>\n\n\n\n<ul class=\"wp-block-list\"><li><em>di prestare soccorso nei casi d\u2019urgenza e di mettermi a disposizione dell&#8217;Autorit\u00e0 competente, in caso di pubblica calamit\u00e0;<\/em><\/li><\/ul>\n\n\n\n<ul class=\"wp-block-list\"><li><em>di rispettare il segreto professionale e di tutelare la riservatezza su tutto ci\u00f2 che mi \u00e8 confidato, che osservo o che ho osservato,inteso o intuito nella mia professione o in ragione del mio stato o ufficio;<\/em><\/li><\/ul>\n\n\n\n<ul class=\"wp-block-list\"><li><em>di prestare, in scienza e coscienza, la mia opera, con diligenza, perizia e prudenza e secondo equit\u00e0, osservando le norme deontologiche che regolano l&#8217;esercizio della professione.<\/em><\/li><\/ul>\n<\/div>\n<\/div>\n\n\n\n<p><\/p>\n","protected":false},"excerpt":{"rendered":"<p>Consapevole dell&#8217;importanza e della solennit\u00e0 dell&#8217;atto che compio e dell&#8217;impegno che assumo, giuro: di esercitare la medicina in autonomia di giudizio e responsabilit\u00e0 di comportamento contrastando ogni indebito condizionamento che limiti la libert\u00e0 e l\u2019indipendenza della professione; di perseguire la difesa della vita, la tutela della salute fisica e psichica, il trattamento del dolore e il sollievo dalla sofferenza nel rispetto della dignit\u00e0 e libert\u00e0 della persona cui con costante impegno scientifico, culturale e sociale ispirer\u00f2 ogni mio atto professionale; di curare ogni paziente con scrupolo e impegno, senza discriminazione alcuna, promuovendo l\u2019eliminazione di ogni forma di diseguaglianza nella tutela della salute; di non compiere mai atti finalizzati a provocare la morte; di non intraprendere n\u00e9 insistere in procedure diagnostiche e interventi terapeutici clinicamente inappropriati ed eticamente non proporzionati, senza mai abbandonare la cura del malato; di perseguire con la persona assistita una relazione di cura fondata sulla fiducia e sul rispetto dei valori e dei diritti di ciascuno e su un\u2019informazione, preliminare al consenso, comprensibile e completa; di attenermi ai principi morali di umanit\u00e0 e solidariet\u00e0 nonch\u00e9 a quelli civili di rispetto dell\u2019autonomia della persona; di mettere le mie conoscenze a disposizione del progresso della medicina, fondato sul rigore etico e scientifico della ricerca, i cui fini sono la tutela della salute e della vita; di affidare la mia reputazione professionale alle mie competenze e al rispetto delle regole deontologiche e di evitare, anche al di fuori dell&#8217;esercizio professionale, ogni atto e comportamento che possano ledere il decoro e la dignit\u00e0 della professione; di ispirare la soluzione di ogni divergenza di opinioni al reciproco rispetto;\u00a0 di prestare soccorso nei casi d\u2019urgenza e di mettermi a disposizione dell&#8217;Autorit\u00e0 competente, in caso di pubblica calamit\u00e0; di rispettare il segreto professionale e di tutelare la riservatezza su tutto ci\u00f2 che mi \u00e8 [&hellip;]<\/p>\n","protected":false},"author":1,"featured_media":0,"parent":0,"menu_order":0,"comment_status":"closed","ping_status":"closed","template":"page-nosidebar.php","meta":{"footnotes":""},"tags":[],"folder":[],"class_list":["post-399","page","type-page","status-publish","hentry"],"publishpress_future_action":{"enabled":false,"date":"2026-05-20 13:13:47","action":"change-status","newStatus":"private","terms":[],"taxonomy":"post_tag","extraData":[]},"publishpress_future_workflow_manual_trigger":{"enabledWorkflows":[]},"_links":{"self":[{"href":"https:\/\/www.omop.it\/index.php\/wp-json\/wp\/v2\/pages\/399","targetHints":{"allow":["GET"]}}],"collection":[{"href":"https:\/\/www.omop.it\/index.php\/wp-json\/wp\/v2\/pages"}],"about":[{"href":"https:\/\/www.omop.it\/index.php\/wp-json\/wp\/v2\/types\/page"}],"author":[{"embeddable":true,"href":"https:\/\/www.omop.it\/index.php\/wp-json\/wp\/v2\/users\/1"}],"replies":[{"embeddable":true,"href":"https:\/\/www.omop.it\/index.php\/wp-json\/wp\/v2\/comments?post=399"}],"version-history":[{"count":40,"href":"https:\/\/www.omop.it\/index.php\/wp-json\/wp\/v2\/pages\/399\/revisions"}],"predecessor-version":[{"id":594,"href":"https:\/\/www.omop.it\/index.php\/wp-json\/wp\/v2\/pages\/399\/revisions\/594"}],"wp:attachment":[{"href":"https:\/\/www.omop.it\/index.php\/wp-json\/wp\/v2\/media?parent=399"}],"wp:term":[{"taxonomy":"post_tag","embeddable":true,"href":"https:\/\/www.omop.it\/index.php\/wp-json\/wp\/v2\/tags?post=399"},{"taxonomy":"folder","embeddable":true,"href":"https:\/\/www.omop.it\/index.php\/wp-json\/wp\/v2\/folder?post=399"}],"curies":[{"name":"wp","href":"https:\/\/api.w.org\/{rel}","templated":true}]}}