{"id":607,"date":"2022-02-17T14:49:19","date_gmt":"2022-02-17T13:49:19","guid":{"rendered":"https:\/\/www.omop.it\/?page_id=607"},"modified":"2022-02-17T14:53:15","modified_gmt":"2022-02-17T13:53:15","slug":"tecnologie-informatiche-art-78","status":"publish","type":"page","link":"https:\/\/www.omop.it\/index.php\/tecnologie-informatiche-art-78\/","title":{"rendered":"Tecnologie Informatiche (art.78)"},"content":{"rendered":"\n<div class=\"wp-block-columns is-layout-flex wp-container-core-columns-is-layout-9d6595d7 wp-block-columns-is-layout-flex\">\n<div class=\"wp-block-column is-layout-flow wp-block-column-is-layout-flow\" style=\"flex-basis:33.33%\">\n<h6 class=\"wp-block-heading\" id=\"indirizzi-applicativi-allegati-all-art-78tecnologie-informatiche\"><strong>Indirizzi applicativi allegati all\u2019art. 78<\/strong><br>Tecnologie informatiche<\/h6>\n<\/div>\n\n\n\n<div class=\"wp-block-column is-layout-flow wp-block-column-is-layout-flow\" style=\"flex-basis:66.66%\">\n<p class=\"has-colore-primario-chiaro-color has-text-color\"><strong>Il medico nell\u2019uso di strumenti derivanti dall\u2019uso di tecnologie di informazione e comunicazione di dati clinici deve attenersi alle seguenti precauzioni e prescrizioni.<\/strong><\/p>\n\n\n\n<ol class=\"wp-block-list\"><li>Il medico, nell\u2019uso di qualsiasi strumento informatico, deve acquisire il consenso al trattamento dei dati, garantire che i dati da lui raccolti siano coerenti con le finalit\u00e0 del trattamento stesso, nonch\u00e9 provvedere, per quanto di competenza, alla garanzia della pertinenza e veridicit\u00e0 dei dati raccolti, impegnandosi per la loro assoluta riservatezza.<\/li><li>Il medico collabora a eliminare ogni forma di discriminazione nell\u2019uso delle tecnologie informatiche e a garantire uguaglianza nell\u2019accesso e nell\u2019utilizzo dei servizi sanitari nonch\u00e9 il recupero del tempo necessario per la relazione di cura.<\/li><li> Il medico deve utilizzare sistemi affidabili e privilegiare i servizi pubblici o privati che consentano la creazione di un formato indipendente rispetto alla piattaforma, senza che sia impedito il riuso dell\u2019informazione veicolata, assicurandone la disponibilit\u00e0, la riservatezza e le modalit\u00e0 di conservazione.<\/li><li>Il medico, nell&#8217;utilizzo di strumenti di comunicazione informatica, si attiene alle norme comportamentali previste dagli articoli 55, 56, 57 del presente Codice di deontologia medica e segnala all&#8217;Ordine l&#8217;apertura di siti web che pubblicizzino la sua attivit\u00e0 professionale nel rispetto delle norme sulla pubblicit\u00e0 e informazione sanitaria.<\/li><li>L\u2019uso delle tecnologie di informazione e comunicazione di dati clinici \u00e8 volto alla pi\u00f9 idonea gestione dei percorsi assistenziali e al miglioramento della comunicazione interprofessionale e con i cittadini.<\/li><li>Il medico, facendo uso dei sistemi telematici, non pu\u00f2 sostituire la visita medica che si sostanzia nella relazione diretta con il paziente, con una relazione esclusivamente virtuale; pu\u00f2 invece utilizzare gli strumenti di telemedicina per le attivit\u00e0 di rilevazione o monitoraggio a distanza, dei parametri biologici e di sorveglianza clinica.<\/li><li>Il medico, nell\u2019utilizzo di strumenti di informazione e comunicazione di dati clinici, deve tener conto della proporzionalit\u00e0, necessit\u00e0 e sicurezza degli interventi, nonch\u00e9 della eticit\u00e0 delle prestazioni e della deontologia dei comportamenti, al fine di conseguire la massima appropriatezza clinica e gestionale e la sostenibilit\u00e0 dell\u2019uso delle risorse disponibili. Il medico nell\u2019utilizzazione degli strumenti tecnologici di cui sopra utilizza gli stessi principi e criteri generali che regolano l\u2019utilizzazione di qualsiasi altro strumento finalizzato all\u2019esercizio della sua professione.<\/li><li>Il medico deve favorire l\u2019uso delle tecnologie di informazione e comunicazione di dati clinici per la gestione della complessit\u00e0 propria della medicina e per il miglioramento degli strumenti di prevenzione individuale e collettiva in particolare a fronte di risultanze cliniche e scientifiche che ne documentino o giustifichino la scelta preferenziale.<\/li><li>Il medico collabora a garantire l\u2019uso delle tecnologie di informazione e comunicazione di dati clinici ad esclusiva finalit\u00e0 di tutela della salute, ivi comprese le finalit\u00e0 di ricerca, di governo e di controllo e di telemonitoraggio della qualit\u00e0 e dell&#8217;appropriatezza dell&#8217;assistenza da attuarsi secondo le previsioni della vigente normativa, della raccolta, utilizzo e monitoraggio dei dati dei pazienti.<\/li><li>Il medico deve avvalersi delle tecnologie di informazione e comunicazione di dati clinici per migliorare i processi formativi anche utilizzando sistemi di simulazione per apprendere dagli errori e per la sicurezza del paziente.<\/li><li>L\u2019uso delle tecnologie di informazione e comunicazione di dati clinici \u00e8 volto alla maggiore efficienza della raccolta dei dati epidemiologici, nonch\u00e9 alla promozione del miglioramento delle procedure professionali e della valutazione dei risultati delle prestazioni mediche.<\/li><li>Il medico utilizza solo dopo attenta valutazione clinica, etica e deontologica i sistemi e gli strumenti di contatto plurisensoriale col paziente e agisce secondo gli indirizzi della comunit\u00e0 scientifica, sempre evitando il conflitto di interessi.<\/li><li>In ogni caso, il consulto e le consulenze mediante le tecnologie informatiche della comunicazione \u201ca distanza\u201d devono rispettare tutte le norme deontologiche che regolano la relazione medico-persona assistita.<\/li><li>Il medico contrasta ogni uso distorto o illusorio delle tecnologie di informazione e comunicazione di dati clinici sul versante commerciale, dell\u2019informazione ai cittadini e della pubblicit\u00e0 sanitaria nonch\u00e9 l\u2019intrusione nelle banche dati e si pone sempre come garante della correttezza, scientificit\u00e0 e deontologia dell\u2019uso dello strumento informatico, assumendosi l\u2019obbligo di segnalare all\u2019Ordine eventuali violazioni di tali comportamenti.<\/li><\/ol>\n<\/div>\n<\/div>\n","protected":false},"excerpt":{"rendered":"<p>Indirizzi applicativi allegati all\u2019art. 78Tecnologie informatiche Il medico nell\u2019uso di strumenti derivanti dall\u2019uso di tecnologie di informazione e comunicazione di dati clinici deve attenersi alle seguenti precauzioni e prescrizioni.<\/p>\n","protected":false},"author":1,"featured_media":0,"parent":0,"menu_order":0,"comment_status":"closed","ping_status":"closed","template":"page-nosidebar.php","meta":{"footnotes":""},"tags":[],"folder":[],"class_list":["post-607","page","type-page","status-publish","hentry"],"publishpress_future_action":{"enabled":false,"date":"2026-04-22 06:28:22","action":"change-status","newStatus":"private","terms":[],"taxonomy":"post_tag","extraData":[]},"publishpress_future_workflow_manual_trigger":{"enabledWorkflows":[]},"_links":{"self":[{"href":"https:\/\/www.omop.it\/index.php\/wp-json\/wp\/v2\/pages\/607","targetHints":{"allow":["GET"]}}],"collection":[{"href":"https:\/\/www.omop.it\/index.php\/wp-json\/wp\/v2\/pages"}],"about":[{"href":"https:\/\/www.omop.it\/index.php\/wp-json\/wp\/v2\/types\/page"}],"author":[{"embeddable":true,"href":"https:\/\/www.omop.it\/index.php\/wp-json\/wp\/v2\/users\/1"}],"replies":[{"embeddable":true,"href":"https:\/\/www.omop.it\/index.php\/wp-json\/wp\/v2\/comments?post=607"}],"version-history":[{"count":4,"href":"https:\/\/www.omop.it\/index.php\/wp-json\/wp\/v2\/pages\/607\/revisions"}],"predecessor-version":[{"id":614,"href":"https:\/\/www.omop.it\/index.php\/wp-json\/wp\/v2\/pages\/607\/revisions\/614"}],"wp:attachment":[{"href":"https:\/\/www.omop.it\/index.php\/wp-json\/wp\/v2\/media?parent=607"}],"wp:term":[{"taxonomy":"post_tag","embeddable":true,"href":"https:\/\/www.omop.it\/index.php\/wp-json\/wp\/v2\/tags?post=607"},{"taxonomy":"folder","embeddable":true,"href":"https:\/\/www.omop.it\/index.php\/wp-json\/wp\/v2\/folder?post=607"}],"curies":[{"name":"wp","href":"https:\/\/api.w.org\/{rel}","templated":true}]}}