{"id":799,"date":"2022-02-28T09:30:24","date_gmt":"2022-02-28T08:30:24","guid":{"rendered":"https:\/\/www.omop.it\/?page_id=799"},"modified":"2025-03-11T10:31:39","modified_gmt":"2025-03-11T09:31:39","slug":"prima-iscrizione-on-line","status":"publish","type":"page","link":"https:\/\/www.omop.it\/index.php\/prima-iscrizione-on-line\/","title":{"rendered":"Prima Iscrizione On-line"},"content":{"rendered":"\n<p>Effettua la prima iscrizione all&#8217;Ordine dei Medici Chirurghi e degli Odontoiatri di Pesaro  e Urbino direttamente on-line!<\/p>\n\n\n\n<p>Se sei un neolaureato, puoi iscriverti all&#8217;Ordine direttamente on-line; prima di iniziare la procedura consigliamo di effettuare i pagamenti e procurarsi la documentazione come sotto indicata:<\/p>\n\n\n\n<ul class=\"wp-block-list\">\n<li>Acquistare la marca da bollo da \u20ac 16,00 e compilare la Dichiarazione Sostitutiva sotto riportata:<\/li>\n<\/ul>\n\n\n\n<div class=\"wp-block-file\"><a id=\"wp-block-file--media-78b7e974-044f-4cf9-ab94-d261a1bd6614\" href=\"https:\/\/www.omop.it\/wp-content\/uploads\/2024\/08\/DICHIARAZIONE-SOSTITUTIVA-MARCA-DA-BOLLO_2024-1.pdf\">DICHIARAZIONE SOSTITUTIVA MARCA DA BOLLO_2024<\/a><a href=\"https:\/\/www.omop.it\/wp-content\/uploads\/2024\/08\/DICHIARAZIONE-SOSTITUTIVA-MARCA-DA-BOLLO_2024-1.pdf\" class=\"wp-block-file__button wp-element-button\" download aria-describedby=\"wp-block-file--media-78b7e974-044f-4cf9-ab94-d261a1bd6614\">Download<\/a><\/div>\n\n\n\n<ul class=\"wp-block-list\">\n<li>ricevuta di versamento sul c.c.p. n.8003 di \u20ac 168,00 per Tasse Concessioni Governative a favore dell\u2019Agenzia delle Entrate \u2013 Centro Operativo di Pescara da pagarsi a mezzo c\/c postale n. 8003 con causale \u201cAltri Atti\u201d cod. 8617;<\/li>\n\n\n\n<li>Documento di identit\u00e0 in corso di validit\u00e0. Scansione o foto ben definita, leggibile e senza bordi di disturbo del fronte e del retro (Carta di identit\u00e0, passaporto);<\/li>\n\n\n\n<li>Codice Fiscale;<\/li>\n\n\n\n<li>Foto tessera in formato jpg. Foto raffigurante il volto di fronte (formato tessera usuale). La fotografia verr\u00e0 utilizzata per il tesserino di iscrizione.<\/li>\n<\/ul>\n\n\n\n<div class=\"wp-block-buttons is-content-justification-center is-layout-flex wp-container-core-buttons-is-layout-16018d1d wp-block-buttons-is-layout-flex\">\n<div class=\"wp-block-button\"><a class=\"wp-block-button__link has-text-color has-link-color wp-element-button\" href=\"https:\/\/omceopu.irideweb.it\/first-grouping-enrollment\" style=\"color:#ffffff\" target=\"_blank\" rel=\"noreferrer noopener\">Vai al Collegamento<\/a><\/div>\n<\/div>\n\n\n\n<p><\/p>\n","protected":false},"excerpt":{"rendered":"<p>Effettua la prima iscrizione all&#8217;Ordine dei Medici Chirurghi e degli Odontoiatri di Pesaro e Urbino direttamente on-line! Se sei un neolaureato, puoi iscriverti all&#8217;Ordine direttamente on-line; prima di iniziare la procedura consigliamo di effettuare i pagamenti e procurarsi la documentazione come sotto indicata:<\/p>\n","protected":false},"author":1,"featured_media":0,"parent":0,"menu_order":0,"comment_status":"closed","ping_status":"closed","template":"page-nosidebar.php","meta":{"footnotes":""},"tags":[],"folder":[],"class_list":["post-799","page","type-page","status-publish","hentry"],"publishpress_future_action":{"enabled":false,"date":"2026-05-08 05:36:59","action":"change-status","newStatus":"private","terms":[],"taxonomy":"post_tag","extraData":[]},"publishpress_future_workflow_manual_trigger":{"enabledWorkflows":[]},"_links":{"self":[{"href":"https:\/\/www.omop.it\/index.php\/wp-json\/wp\/v2\/pages\/799","targetHints":{"allow":["GET"]}}],"collection":[{"href":"https:\/\/www.omop.it\/index.php\/wp-json\/wp\/v2\/pages"}],"about":[{"href":"https:\/\/www.omop.it\/index.php\/wp-json\/wp\/v2\/types\/page"}],"author":[{"embeddable":true,"href":"https:\/\/www.omop.it\/index.php\/wp-json\/wp\/v2\/users\/1"}],"replies":[{"embeddable":true,"href":"https:\/\/www.omop.it\/index.php\/wp-json\/wp\/v2\/comments?post=799"}],"version-history":[{"count":20,"href":"https:\/\/www.omop.it\/index.php\/wp-json\/wp\/v2\/pages\/799\/revisions"}],"predecessor-version":[{"id":4057,"href":"https:\/\/www.omop.it\/index.php\/wp-json\/wp\/v2\/pages\/799\/revisions\/4057"}],"wp:attachment":[{"href":"https:\/\/www.omop.it\/index.php\/wp-json\/wp\/v2\/media?parent=799"}],"wp:term":[{"taxonomy":"post_tag","embeddable":true,"href":"https:\/\/www.omop.it\/index.php\/wp-json\/wp\/v2\/tags?post=799"},{"taxonomy":"folder","embeddable":true,"href":"https:\/\/www.omop.it\/index.php\/wp-json\/wp\/v2\/folder?post=799"}],"curies":[{"name":"wp","href":"https:\/\/api.w.org\/{rel}","templated":true}]}}